{"id":132,"date":"2018-10-10T20:12:31","date_gmt":"2018-10-10T18:12:31","guid":{"rendered":"https:\/\/jef.git-france.org\/?page_id=132"},"modified":"2025-11-23T20:40:45","modified_gmt":"2025-11-23T19:40:45","slug":"accueil","status":"publish","type":"page","link":"https:\/\/jef.git-france.org\/","title":{"rendered":"Accueil"},"content":{"rendered":"\n<p class=\"has-text-align-center has-medium-font-size\"><\/p>\n\n\n<div class=\"wp-block-image\">\n<figure class=\"aligncenter size-large\"><img loading=\"lazy\" decoding=\"async\" width=\"576\" height=\"1024\" src=\"https:\/\/jef.git-france.org\/wp-content\/uploads\/2025\/11\/jef2027-576x1024.jpg\" alt=\"\" class=\"wp-image-1071\" srcset=\"https:\/\/jef.git-france.org\/wp-content\/uploads\/2025\/11\/jef2027-576x1024.jpg 576w, https:\/\/jef.git-france.org\/wp-content\/uploads\/2025\/11\/jef2027-169x300.jpg 169w, https:\/\/jef.git-france.org\/wp-content\/uploads\/2025\/11\/jef2027-768x1365.jpg 768w, https:\/\/jef.git-france.org\/wp-content\/uploads\/2025\/11\/jef2027-864x1536.jpg 864w, https:\/\/jef.git-france.org\/wp-content\/uploads\/2025\/11\/jef2027.jpg 1080w\" sizes=\"auto, (max-width: 576px) 100vw, 576px\" \/><\/figure>\n<\/div>\n\n\n<p class=\"has-medium-font-size\">Les  Journ\u00e9es Nationales d\u2019Etudes et de Formation sont des journ\u00e9es organis\u00e9es pour les infirmiers de sant\u00e9 au travail par le <a href=\"https:\/\/www.git-france.org\" target=\"_blank\" rel=\"noopener noreferrer\">Groupement des Infirmiers de Sant\u00e9 au Travail<\/a> (GIT).<\/p>\n\n\n\n<p class=\"has-text-align-center has-medium-font-size\">A l&rsquo;occasion des 40 ans du GIT, les Journ\u00e9es d&rsquo;Etudes et de Formation auront lieu \u00e0 Paris en 2027.<br><\/p>\n\n\n\n<p class=\"has-text-align-center has-medium-font-size\">N&rsquo;h\u00e9sitez pas \u00e0 revenir sur ce site pour connaitre les avanc\u00e9es de ces journ\u00e9es.<\/p>\n\n\n\n<p><\/p>\n","protected":false},"excerpt":{"rendered":"<p>Les Journ\u00e9es Nationales d\u2019Etudes et de Formation sont des journ\u00e9es organis\u00e9es pour les infirmiers de sant\u00e9 au travail par le Groupement des Infirmiers de Sant\u00e9 au Travail (GIT). A l&rsquo;occasion des 40 ans du GIT, les Journ\u00e9es d&rsquo;Etudes et de Formation auront lieu \u00e0 Paris en 2027. N&rsquo;h\u00e9sitez pas \u00e0 revenir sur ce site pour &hellip; <\/p>\n<p class=\"link-more\"><a href=\"https:\/\/jef.git-france.org\/\" class=\"more-link\">Continuer la lecture<span class=\"screen-reader-text\"> de &laquo;&nbsp;Accueil&nbsp;&raquo;<\/span><\/a><\/p>\n","protected":false},"author":1,"featured_media":0,"parent":0,"menu_order":0,"comment_status":"closed","ping_status":"closed","template":"","meta":{"footnotes":""},"class_list":["post-132","page","type-page","status-publish","hentry"],"_links":{"self":[{"href":"https:\/\/jef.git-france.org\/index.php\/wp-json\/wp\/v2\/pages\/132","targetHints":{"allow":["GET"]}}],"collection":[{"href":"https:\/\/jef.git-france.org\/index.php\/wp-json\/wp\/v2\/pages"}],"about":[{"href":"https:\/\/jef.git-france.org\/index.php\/wp-json\/wp\/v2\/types\/page"}],"author":[{"embeddable":true,"href":"https:\/\/jef.git-france.org\/index.php\/wp-json\/wp\/v2\/users\/1"}],"replies":[{"embeddable":true,"href":"https:\/\/jef.git-france.org\/index.php\/wp-json\/wp\/v2\/comments?post=132"}],"version-history":[{"count":35,"href":"https:\/\/jef.git-france.org\/index.php\/wp-json\/wp\/v2\/pages\/132\/revisions"}],"predecessor-version":[{"id":1073,"href":"https:\/\/jef.git-france.org\/index.php\/wp-json\/wp\/v2\/pages\/132\/revisions\/1073"}],"wp:attachment":[{"href":"https:\/\/jef.git-france.org\/index.php\/wp-json\/wp\/v2\/media?parent=132"}],"curies":[{"name":"wp","href":"https:\/\/api.w.org\/{rel}","templated":true}]}}